{"id":92,"date":"2022-01-25T13:58:17","date_gmt":"2022-01-25T12:58:17","guid":{"rendered":"https:\/\/www.koenig-elektro.de\/index.php\/mesmerize\/"},"modified":"2026-04-16T14:05:18","modified_gmt":"2026-04-16T12:05:18","slug":"mesmerize","status":"publish","type":"page","link":"https:\/\/www.koenig-elektro.de\/","title":{"rendered":"Front Page"},"content":{"rendered":"<div  id=\"overlappable-4\" style=\"background-color: #ffffff;\" data-label=\"Overlappable\" data-id=\"overlappable-4\" data-export-id=\"overlappable-4\" data-category=\"overlappable\" class=\"overlappable-4 content-section content-section-spacing\" data-overlap=\"true\"><div  class=\"gridContainer\"> <div  data-type=\"row\" class=\"row spaced-cols text-center\"><div  class=\"col-xs-12 col-sm-4 col-padding col-md-2 \"> <a  data-cp-link=\"1\" href=\"https:\/\/www.koenig-elektro.de\/index.php\/shop\" target=\"_self\" rel=\"noopener\"><i  class=\"fa icon shadow-large-black aligncenter color1 fa-shopping-basket reverse round large\"><\/i><\/a> <div  data-type=\"column\" class=\"\"> <h5  class=\"\">Shop<\/h5> <\/div> <\/div> <div  class=\"col-xs-12 col-sm-4 col-padding col-md-2 \"> <a  data-cp-link=\"1\" href=\"https:\/\/www.koenig-elektro.de\/index.php\/brandmeldeanlagen\" target=\"_self\" rel=\"noopener\"><i  class=\"fa icon shadow-large-black aligncenter color1 fa-fire reverse round large\"><\/i><\/a> <div  data-type=\"column\" class=\"\"><h5  class=\"\">Brandmelde-technik<\/h5> <p  class=\"\"><\/p><\/div> <\/div> <div  class=\"col-xs-12 col-sm-4 col-padding col-md-2 \"> <a  data-cp-link=\"1\" href=\"https:\/\/www.koenig-elektro.de\/index.php\/elektromobilitaet\" target=\"_self\" rel=\"noopener\"><i  class=\"fa icon shadow-large-black aligncenter color1 fa-battery-3 reverse round large\"><\/i><\/a> <div  data-type=\"column\" class=\"\"> <h5  class=\"\">Elektro-\n<br >mobilit\u00e4t<\/h5> <\/div> <\/div><div  class=\"col-xs-12 col-sm-4 col-padding col-md-2 \"> <a  data-cp-link=\"1\" href=\"https:\/\/www.koenig-elektro.de\/index.php\/smart-home\" target=\"_self\" rel=\"noopener\"><i  class=\"fa icon shadow-large-black aligncenter color1 fa-android reverse round large\"><\/i><\/a> <div  data-type=\"column\" class=\"\"> <h5  class=\"\">Smart Home KNX\n<\/h5> <\/div> <\/div><div  class=\"col-xs-12 col-sm-4 col-padding col-md-2 \"> <a  data-cp-link=\"1\" href=\"https:\/\/www.koenig-elektro.de\/index.php\/netzwerktechnik\" target=\"_self\" rel=\"noopener\"><i  class=\"fa icon shadow-large-black aligncenter color1 fa-share-alt reverse round large\"><\/i><\/a> <div  data-type=\"column\" class=\"\"> <h5  class=\"\">Netzwerk-technik<\/h5> <\/div> <\/div><div  class=\"col-xs-12 col-sm-4 col-padding col-md-2 \"> <a  data-cp-link=\"1\" href=\"https:\/\/www.koenig-elektro.de\/index.php\/pv\" target=\"_self\" rel=\"noopener\"><i  class=\"fa icon shadow-large-black aligncenter color1 fa-sun-o reverse round large\"><\/i><\/a> <div  data-type=\"column\" class=\"\"> <h5  class=\"\">Photo-\n<br >\nvoltaik<\/h5> <\/div> <\/div><div  class=\"col-xs-12 col-sm-4 col-padding col-md-2\"> <a  data-cp-link=\"1\" href=\"https:\/\/www.koenig-elektro.de\/index.php\/planung-und-installation-von-einbruchmeldeanlagen\" target=\"_self\" rel=\"noopener\"><i  class=\"fa icon shadow-large-black aligncenter color1 fa-unlock-alt reverse round large\"><\/i><\/a> <div  data-type=\"column\" class=\"\"> <h5  class=\"\">Einbruchmelde-anlagen<\/h5> <\/div> <\/div><div  class=\"col-xs-12 col-sm-4 col-padding col-md-2\"> <a  data-cp-link=\"1\" href=\"https:\/\/www.koenig-elektro.de\/index.php\/ausfuehrungsplanung\" target=\"_self\" rel=\"noopener\"><i  class=\"fa icon shadow-large-black aligncenter color1 fa-sort-alpha-asc reverse round large\"><\/i><\/a> <div  data-type=\"column\" class=\"\"> <h5  class=\"\">Ausf\u00fchrungs-planung<\/h5> <\/div> <\/div><div  class=\"col-xs-12 col-sm-4 col-padding col-md-2\"> <a  data-cp-link=\"1\" href=\"https:\/\/www.koenig-elektro.de\/index.php\/feuerwehrplaene\" target=\"_self\" rel=\"noopener\"><i  class=\"fa icon shadow-large-black aligncenter color1 fa-fire-extinguisher reverse round large\"><\/i><\/a> <div  data-type=\"column\" class=\"\"> <h5  class=\"\">Feuerwehr-pl\u00e4ne<\/h5> <\/div> <\/div><div  class=\"col-xs-12 col-sm-4 col-padding col-md-2\"> <a  data-cp-link=\"1\" href=\"#\" target=\"_self\" rel=\"noopener\"><i  class=\"fa icon shadow-large-black aligncenter color1 fa-home reverse round large\"><\/i><\/a> <div  data-type=\"column\" class=\"\"> <h5  class=\"\">Haus-installation<\/h5> <\/div> <\/div><div  class=\"col-xs-12 col-sm-4 col-padding col-md-2\"> <a  data-cp-link=\"1\" href=\"https:\/\/www.koenig-elektro.de\/index.php\/industrie\" target=\"_self\" rel=\"noopener\"><i  class=\"fa icon shadow-large-black aligncenter color1 fa-hospital-o reverse round large\"><\/i><\/a> <div  data-type=\"column\" class=\"\"> <h5  class=\"\">Industrie-installation<\/h5> <\/div> <\/div><div  class=\"col-xs-12 col-sm-4 col-padding col-md-2\"> <a  data-cp-link=\"1\" href=\"https:\/\/www.koenig-elektro.de\/index.php\/fluch--und-sicherheitsbeleuchtung\" target=\"_self\" rel=\"noopener\"><i  class=\"fa icon shadow-large-black aligncenter color1 fa-arrow-up reverse round large\"><\/i><\/a> <div  data-type=\"column\" class=\"\"> <h5  class=\"\">Fluchtweg-beleuchtung<\/h5> <\/div> <\/div><\/div> <\/div><\/div>","protected":false},"excerpt":{"rendered":"<p>Shop Brandmelde-technik Elektro- mobilit\u00e4t Smart Home KNX Netzwerk-technik Photo- voltaik Einbruchmelde-anlagen Ausf\u00fchrungs-planung Feuerwehr-pl\u00e4ne Haus-installation Industrie-installation Fluchtweg-beleuchtung<\/p>\n","protected":false},"author":3,"featured_media":0,"parent":0,"menu_order":0,"comment_status":"closed","ping_status":"closed","template":"page-templates\/homepage.php","meta":{"footnotes":""},"class_list":["post-92","page","type-page","status-publish","hentry"],"jetpack_sharing_enabled":true,"_links":{"self":[{"href":"https:\/\/www.koenig-elektro.de\/index.php\/wp-json\/wp\/v2\/pages\/92","targetHints":{"allow":["GET"]}}],"collection":[{"href":"https:\/\/www.koenig-elektro.de\/index.php\/wp-json\/wp\/v2\/pages"}],"about":[{"href":"https:\/\/www.koenig-elektro.de\/index.php\/wp-json\/wp\/v2\/types\/page"}],"author":[{"embeddable":true,"href":"https:\/\/www.koenig-elektro.de\/index.php\/wp-json\/wp\/v2\/users\/3"}],"replies":[{"embeddable":true,"href":"https:\/\/www.koenig-elektro.de\/index.php\/wp-json\/wp\/v2\/comments?post=92"}],"version-history":[{"count":23,"href":"https:\/\/www.koenig-elektro.de\/index.php\/wp-json\/wp\/v2\/pages\/92\/revisions"}],"predecessor-version":[{"id":567,"href":"https:\/\/www.koenig-elektro.de\/index.php\/wp-json\/wp\/v2\/pages\/92\/revisions\/567"}],"wp:attachment":[{"href":"https:\/\/www.koenig-elektro.de\/index.php\/wp-json\/wp\/v2\/media?parent=92"}],"curies":[{"name":"wp","href":"https:\/\/api.w.org\/{rel}","templated":true}]}}