{"id":270,"date":"2022-02-04T10:46:02","date_gmt":"2022-02-04T09:46:02","guid":{"rendered":"https:\/\/www.koenig-elektro.de\/?page_id=270"},"modified":"2022-02-18T16:04:57","modified_gmt":"2022-02-18T15:04:57","slug":"leistungen","status":"publish","type":"page","link":"https:\/\/www.koenig-elektro.de\/index.php\/leistungen\/","title":{"rendered":"Leistungen"},"content":{"rendered":"<details style=\"background: #eee; border: 1px solid #666; border-radius: 3px; margin-bottom: 1.5rem;\">\n<summary style=\"padding: 1rem; background: #666; color: #fff; cursor: pointer;\"><span style=\"color: #ffffff;\"><strong>Ausf\u00fchrungsplanung<\/strong><\/span><\/summary>\n<div style=\"padding: 1rem 1rem 1px 1rem;\">\n<p><a href=\"https:\/\/www.koenig-elektro.de\/index.php\/ausfuehrungsplanung\/\"><span style=\"color: #000000;\">Planung Ihrer kompletten Elektroanlage in allen Leistungsphasen.<\/span><\/a><\/p>\n<p><a href=\"https:\/\/www.koenig-elektro.de\/index.php\/ausfuehrungsplanung\/\"><span style=\"color: #000000;\">Von der Entwurfsplanung bis zur Ausf\u00fchrungsplanung.<\/span><\/a><\/p>\n<p><a href=\"https:\/\/www.koenig-elektro.de\/index.php\/ausfuehrungsplanung\/\"><span style=\"color: #000000;\">Installationspl\u00e4ne, Strangschemen, Verteilungspl\u00e4ne, &#8230;<\/span><\/a><\/p>\n<\/div>\n<\/details><details style=\"background: #eee; border: 1px solid #666; border-radius: 3px; margin-bottom: 1.5rem;\">\n<summary style=\"padding: 1rem; background: #666; color: #fff; cursor: pointer;\"><strong>Feuerwehrpl\u00e4ne + Feuerwehrlaufkarten<\/strong><\/summary>\n<div style=\"padding: 1rem 1rem 1px 1rem;\">\n<p><a href=\"https:\/\/www.koenig-elektro.de\/index.php\/feuerwehrplaene\/\"><span style=\"color: #000000;\">Erstellen von Feuerwehrpl\u00e4nen und Feuerwehrlaufkarten in Objekten mit Brandmeldeanlagen.<\/span><\/a><\/p>\n<p><a href=\"https:\/\/www.koenig-elektro.de\/index.php\/feuerwehrplaene\/\"><span style=\"color: #000000;\">Wir f\u00fchren die Absprachen mit der Feuerwehr f\u00fcr Ihr Geb\u00e4ude und fertigen die notwendigen Unterlagen an.<\/span><\/a><\/p>\n<\/div>\n<\/details><details style=\"background: #eee; border: 1px solid #666; border-radius: 3px; margin-bottom: 1.5rem;\">\n<summary style=\"padding: 1rem; background: #666; color: #fff; cursor: pointer;\"><strong>Brandmeldeanlagen<\/strong><\/summary>\n<div style=\"padding: 1rem 1rem 1px 1rem;\">\n<p><a href=\"https:\/\/www.koenig-elektro.de\/index.php\/brandmeldeanlagen\/\"><span style=\"color: #000000;\">Planung und Installation von Brandmeldeanlagen nach DIN 14675.<\/span><\/a><\/p>\n<p><a href=\"https:\/\/www.koenig-elektro.de\/index.php\/brandmeldeanlagen\/\"><span style=\"color: #000000;\">Wir sind zertifizierter Errichter nach ISO 9001.<\/span><\/a><\/p>\n<p><a href=\"https:\/\/www.koenig-elektro.de\/index.php\/brandmeldeanlagen\/\"><span style=\"color: #000000;\">Wartung, Inspektion, Reparatur&#8230;<\/span><\/a><\/p>\n<\/div>\n<\/details><details style=\"background: #eee; border: 1px solid #666; border-radius: 3px; margin-bottom: 1.5rem;\">\n<summary style=\"padding: 1rem; background: #666; color: #fff; cursor: pointer;\"><strong>KNX &#8211; Smart Home<\/strong><\/summary>\n<div style=\"padding: 1rem 1rem 1px 1rem;\">\n<p><span style=\"color: #000000;\"><a style=\"color: #000000;\" href=\"https:\/\/www.koenig-elektro.de\/index.php\/smart-home\/\">Planung, Installation und Programmierung von KNX Anlagen. <\/a><\/span><\/p>\n<p><span style=\"color: #000000;\"><a style=\"color: #000000;\" href=\"https:\/\/www.koenig-elektro.de\/index.php\/smart-home\/\">Einrichten von Smart Home Ger\u00e4ten und Programmierung von Bedien-Apps.<\/a><\/span><\/p>\n<p><span style=\"color: #000000;\"><a style=\"color: #000000;\" href=\"https:\/\/www.koenig-elektro.de\/index.php\/smart-home\/\">Verkn\u00fcpfung von Heizungssteuerung, Jalousiesteuerung, Beleuchtungssteuerung, Sprechanlage usw. in einem<\/a> <a style=\"color: #000000;\" href=\"https:\/\/www.koenig-elektro.de\/index.php\/smart-home\/\">System. <\/a><\/span><\/p>\n<p><a href=\"https:\/\/www.koenig-elektro.de\/index.php\/smart-home\/\"><span style=\"color: #000000;\">Homeserver, Visualisierung, Fernsteuerung.<\/span><\/a><\/p>\n<\/div>\n<\/details><details style=\"background: #eee; border: 1px solid #666; border-radius: 3px; margin-bottom: 1.5rem;\">\n<summary style=\"padding: 1rem; background: #666; color: #fff; cursor: pointer;\"><span style=\"color: #ffffff;\"><strong>Elektromobilit\u00e4t<\/strong><\/span><\/summary>\n<div style=\"padding: 1rem 1rem 1px 1rem;\">\n<p><span style=\"color: #000000;\"><a style=\"color: #000000;\" href=\"https:\/\/www.koenig-elektro.de\/index.php\/elektromobilitaet\/\">Installation von Wallboxen und Ladestationen verschiedener Hersteller.<\/a><\/span><\/p>\n<p><span style=\"color: #000000;\"><a style=\"color: #000000;\" href=\"https:\/\/www.koenig-elektro.de\/index.php\/elektromobilitaet\/\">Einrichtung von Abrechnungssystemen (Backend). Zugangsbeschr\u00e4nkung via RFID.<\/a><\/span><\/p>\n<p><span style=\"color: #000000;\"><a style=\"color: #000000;\" href=\"https:\/\/www.koenig-elektro.de\/index.php\/elektromobilitaet\/\">Errichtung von statischen, oder dynamischen Lastmanagementsystemen zur optimalen Ausnutzung<\/a><\/span><\/p>\n<p><a href=\"https:\/\/www.koenig-elektro.de\/index.php\/elektromobilitaet\/\"><span style=\"color: #000000;\">der zur Verf\u00fcgung stehenden Energie bei mehreren Ladestationen an einem Objekt.<\/span><\/a><\/p>\n<\/div>\n<\/details><details style=\"background: #eee; border: 1px solid #666; border-radius: 3px; margin-bottom: 1.5rem;\">\n<summary style=\"padding: 1rem; background: #666; color: #fff; cursor: pointer;\"><strong>Sicherheitsbeleuchtung<\/strong><\/summary>\n<div style=\"padding: 1rem 1rem 1px 1rem;\">\n<p><a href=\"https:\/\/www.koenig-elektro.de\/index.php\/fluch-und-sicherheitsbeleuchtung\/\"><span style=\"color: #000000;\">Planung und Installation von Sicherheitsleuchten und Piktogrammen.<\/span><\/a><\/p>\n<p><span style=\"color: #000000;\"><a style=\"color: #000000;\" href=\"https:\/\/www.koenig-elektro.de\/index.php\/fluch-und-sicherheitsbeleuchtung\/\">Fluch- und Sicherheitsbeleuchtung<\/a><\/span><\/p>\n<p><a href=\"https:\/\/www.koenig-elektro.de\/index.php\/fluch-und-sicherheitsbeleuchtung\/\"><span style=\"color: #000000;\">Umfang der Anlage nach beh\u00f6rdlichen Auflagen dimensioniert.<\/span><\/a><\/p>\n<p><a href=\"https:\/\/www.koenig-elektro.de\/index.php\/fluch-und-sicherheitsbeleuchtung\/\"><span style=\"color: #000000;\">Wir bieten Ihnen auch Wartungsvetr\u00e4ge an, damit Sie rechtlich auf der sicheren Seite sind.<\/span><\/a><\/p>\n<\/div>\n<\/details><details style=\"background: #eee; border: 1px solid #666; border-radius: 3px; margin-bottom: 1.5rem;\">\n<summary style=\"padding: 1rem; background: #666; color: #fff; cursor: pointer;\"><strong>Stra\u00dfenbeleuchtung<\/strong><\/summary>\n<div style=\"padding: 1rem 1rem 1px 1rem;\">\n<p><span style=\"color: #000000;\">Wir biten Ihnen von der Beleuchtungsberechnung bis zur Mastmontage,<\/span><\/p>\n<p><span style=\"color: #000000;\">von der Pollerleuchte bis zur Stra\u00dfenbeleuchtung vollen Service.<\/span><\/p>\n<p><span style=\"color: #000000;\">Individuale Anfertigung und Pulverbeschichtung in Wunschfarbe.<\/span><\/p>\n<\/div>\n<\/details><details style=\"background: #eee; border: 1px solid #666; border-radius: 3px; margin-bottom: 1.5rem;\">\n<summary style=\"padding: 1rem; background: #666; color: #fff; cursor: pointer;\"><strong>Geb\u00e4udeinstallation<\/strong><\/summary>\n<div style=\"padding: 1rem 1rem 1px 1rem;\"><span style=\"color: #000000;\">Vom Schlitz in der Wand bis zur Montage der letzten Steckdose.<\/span>\n<p>\u00a0<\/p>\n<p><span style=\"color: #000000;\">Geb\u00e4udeinstallation von a bis z.<\/span><\/p>\n<\/div>\n<\/details><details style=\"background: #eee; border: 1px solid #666; border-radius: 3px; margin-bottom: 1.5rem;\">\n<summary style=\"padding: 1rem; background: #666; color: #fff; cursor: pointer;\"><strong>Netzwerktechnik<\/strong><\/summary>\n<div style=\"padding: 1rem 1rem 1px 1rem;\"><a href=\"https:\/\/www.koenig-elektro.de\/index.php\/netzwerktechnik\/\"><span style=\"color: #000000;\">Planung und Installation von passiven Netzwerken.<\/span><\/a><\/div>\n<div style=\"padding: 1rem 1rem 1px 1rem;\"><a href=\"https:\/\/www.koenig-elektro.de\/index.php\/netzwerktechnik\/\"><span class=\"ILfuVd\" style=\"color: #000000;\"><span class=\"hgKElc\">Kategorie 7 Verkabelung. Simplex oder Duplex.<\/span><\/span><\/a><\/div>\n<div style=\"padding: 1rem 1rem 1px 1rem;\"><a href=\"https:\/\/www.koenig-elektro.de\/index.php\/netzwerktechnik\/\"><span class=\"ILfuVd\" style=\"color: #000000;\"><span class=\"hgKElc\">19&#8243; Netzwerkschr\u00e4nke.<\/span><\/span><\/a><\/div>\n<div style=\"padding: 1rem 1rem 1px 1rem;\"><a href=\"https:\/\/www.koenig-elektro.de\/index.php\/netzwerktechnik\/\"><span class=\"ILfuVd\" style=\"color: #000000;\"><span class=\"hgKElc\">Messprotokolle mittels Messtechnik WireExpert.<\/span><\/span><\/a><\/div>\n<div>\u00a0<\/div>\n<\/details><details style=\"background: #eee; border: 1px solid #666; border-radius: 3px; margin-bottom: 1.5rem;\">\n<summary style=\"padding: 1rem; background: #666; color: #fff; cursor: pointer;\"><strong>Schaltschrankbau<\/strong><\/summary>\n<div style=\"padding: 1rem 1rem 1px 1rem;\"><span style=\"color: #000000;\">Errichten von Niederspannungshauptverteilungen, Z\u00e4hlerschr\u00e4nken, Schaltanlagen, Unterverteilungen<\/span>.<span class=\"ILfuVd\"><span class=\"hgKElc\"> <br \/><\/span><\/span><\/div>\n<div>\u00a0<\/div>\n<\/details><details style=\"background: #eee; border: 1px solid #666; border-radius: 3px; margin-bottom: 1.5rem;\">\n<summary style=\"padding: 1rem; background: #666; color: #fff; cursor: pointer;\"><strong>Einbruchmeldeanlagen<\/strong><\/summary>\n<div style=\"padding: 1rem 1rem 1px 1rem;\"><a href=\"https:\/\/www.koenig-elektro.de\/index.php\/planung-und-installation-von-einbruchmeldeanlagen\/\"><span style=\"color: #000000;\">Schutz Ihres Wohnhauses vor unbefugtem Zutritt.<\/span><\/a>\n<p><a href=\"https:\/\/www.koenig-elektro.de\/index.php\/planung-und-installation-von-einbruchmeldeanlagen\/\"><span style=\"color: #000000;\">Anlagen aus dem Haus Telenot mit Weitermeldung auf ein Telefon, oder einen Wachschutz.<\/span><\/a><\/p>\n<p><a href=\"https:\/\/www.koenig-elektro.de\/index.php\/planung-und-installation-von-einbruchmeldeanlagen\/\"><span style=\"color: #000000;\">Aussenhaut\u00fcberwachung, Innenraumschutz, Handysteuerung usw.<\/span><\/a><\/p>\n<p><a href=\"https:\/\/www.koenig-elektro.de\/index.php\/planung-und-installation-von-einbruchmeldeanlagen\/\"><span style=\"color: #000000;\">Funktionsumfang ganz nach Ihren W\u00fcschen und Bed\u00fcrfnissen.<\/span><\/a><\/p>\n<\/div>\n<\/details><details style=\"background: #eee; border: 1px solid #666; border-radius: 3px; margin-bottom: 1.5rem;\">\n<summary style=\"padding: 1rem; background: #666; color: #fff; cursor: pointer;\"><strong>RWA-Anlagen<\/strong><\/summary>\n<div style=\"padding: 1rem 1rem 1px 1rem;\"><span style=\"color: #000000;\">Rauch- und W\u00e4rmeabzugsanlagen.<\/span><\/div>\n<div style=\"padding: 1rem 1rem 1px 1rem;\"><span style=\"color: #000000;\"><span class=\"ILfuVd\"><span class=\"hgKElc\">Ausl\u00f6se- und Bedienelemente, Zentrale<\/span><\/span> mit Notstromversorgung, Rauchmelder und E30 Verkabelung<\/span><\/div>\n<div style=\"padding: 1rem 1rem 1px 1rem;\"><span style=\"color: #000000;\">je nach beh\u00f6rdlichen Auflagen.<\/span><\/div>\n<div>\u00a0<\/div>\n<\/details><details style=\"background: #eee; border: 1px solid #666; border-radius: 3px; margin-bottom: 1.5rem;\">\n<summary style=\"padding: 1rem; background: #666; color: #fff; cursor: pointer;\"><strong>Fluchtt\u00fcrsteuerungen<\/strong><\/summary>\n<div style=\"padding: 1rem 1rem 1px 1rem;\"><span class=\"ILfuVd\" style=\"color: #000000;\"><span class=\"hgKElc\">Die T\u00fcrzentrale, auch Fluchtt\u00fcrterminal bzw. Fluchtt\u00fcrsteuerung genannt, gew\u00e4hrleistet im Notfall<\/span><\/span><\/div>\n<div style=\"padding: 1rem 1rem 1px 1rem;\"><span class=\"ILfuVd\" style=\"color: #000000;\"><span class=\"hgKElc\"> sichere Flucht- und Rettungswege durch das Geb\u00e4ude.<\/span><\/span><\/div>\n<div style=\"padding: 1rem 1rem 1px 1rem;\"><span class=\"ILfuVd\" style=\"color: #000000;\"><span class=\"hgKElc\">Wir verwenden Unterputz, oder Aufputzsysteme aus dem Hause Dorma.<\/span><\/span><\/div>\n<div>\u00a0<\/div>\n<\/details><details style=\"background: #eee; border: 1px solid #666; border-radius: 3px; margin-bottom: 1.5rem;\">\n<summary style=\"padding: 1rem; background: #666; color: #fff; cursor: pointer;\"><strong>Plottservice<\/strong><\/summary>\n<div style=\"padding: 1rem 1rem 1px 1rem;\"><span style=\"color: #000000;\">Nicht nur digital&#8230;.. Sie halten Ihre Pl\u00e4ne gern in der Hand ?<\/span><\/div>\n<div style=\"padding: 1rem 1rem 1px 1rem;\"><span class=\"ILfuVd\" style=\"color: #000000;\"><span class=\"hgKElc\">Wir plotten f\u00fcr Sie in gr\u00f6\u00dfen bis DIN A0 und dar\u00fcber hinaus.<\/span><\/span><\/div>\n<div>\u00a0<\/div>\n<\/details><details style=\"background: #eee; border: 1px solid #666; border-radius: 3px; margin-bottom: 1.5rem;\">\n<summary style=\"padding: 1rem; background: #666; color: #fff; cursor: pointer;\"><strong>Industrieinstallation<\/strong><\/summary>\n<div style=\"padding: 1rem 1rem 1px 1rem;\"><a href=\"https:\/\/www.koenig-elektro.de\/index.php\/industrie\/\"><span style=\"color: #000000;\">Nicht nur Geb\u00e4ude- auch Industrieinstalltion k\u00f6nnen wir Ihnen anbieten.<\/span><\/a><\/div>\n<div style=\"padding: 1rem 1rem 1px 1rem;\"><a href=\"https:\/\/www.koenig-elektro.de\/index.php\/industrie\/\"><span class=\"ILfuVd\" style=\"color: #000000;\"><span class=\"hgKElc\">Dank eigener Arbeitsb\u00fchnen und Rollger\u00fcsten ist auch die Installtion in gro\u00dfen H\u00f6hen kein Problem.<\/span><\/span><\/a><\/div>\n<div style=\"padding: 1rem 1rem 1px 1rem;\"><span class=\"ILfuVd\"><span class=\"hgKElc\"><a href=\"https:\/\/www.koenig-elektro.de\/index.php\/industrie\/\"><span style=\"color: #000000;\">Lichtb\u00e4nder, Kabelbahnen, Fu\u00dfbodentanks, Niederspannungshauptverteilungen und vieles mehr.\u00a0<\/span><\/a> <br \/><\/span><\/span><\/div>\n<div>\u00a0<\/div>\n<\/details><details style=\"background: #eee; border: 1px solid #666; border-radius: 3px; margin-bottom: 1.5rem;\">\n<summary style=\"padding: 1rem; background: #666; color: #fff; cursor: pointer;\"><strong>Telefonanlagen<\/strong><\/summary>\n<div style=\"padding: 1rem 1rem 1px 1rem;\"><span style=\"color: #000000;\">Installation und Programmierung von Telefonanlagen aus dem Hause Auerswald.<\/span><span class=\"ILfuVd\"><span class=\"hgKElc\"> <br \/><\/span><\/span><\/div>\n<div>\u00a0<\/div>\n<\/details>\n<div>\u00a0<\/div>\n<details style=\"background: #eee; border: 1px solid #666; border-radius: 3px; margin-bottom: 1.5rem;\">\n<summary style=\"padding: 1rem; background: #666; color: #fff; cursor: pointer;\"><strong>Photovoltaik<\/strong><\/summary>\n<div style=\"padding: 1rem 1rem 1px 1rem;\"><a href=\"https:\/\/www.koenig-elektro.de\/index.php\/pv\/\"><span style=\"color: #000000;\">Planung und Installation von Photovoltaikanlagen<\/span><\/a><span class=\"ILfuVd\"><span class=\"hgKElc\"> <br \/><\/span><\/span><\/div>\n<div>\u00a0<\/div>\n<\/details>\n\n\n<p><\/p>\n","protected":false},"excerpt":{"rendered":"<p>Ausf\u00fchrungsplanung Planung Ihrer kompletten Elektroanlage in allen Leistungsphasen. Von der Entwurfsplanung bis zur Ausf\u00fchrungsplanung. Installationspl\u00e4ne, Strangschemen, Verteilungspl\u00e4ne, &#8230; Feuerwehrpl\u00e4ne + Feuerwehrlaufkarten Erstellen von Feuerwehrpl\u00e4nen und Feuerwehrlaufkarten in Objekten mit Brandmeldeanlagen. Wir f\u00fchren die Absprachen mit der Feuerwehr f\u00fcr Ihr Geb\u00e4ude und fertigen die notwendigen Unterlagen an. Brandmeldeanlagen Planung und Installation von Brandmeldeanlagen nach DIN 14675.&hellip; <br \/> <a class=\"read-more\" href=\"https:\/\/www.koenig-elektro.de\/index.php\/leistungen\/\">Weiterlesen<\/a><\/p>\n","protected":false},"author":3,"featured_media":0,"parent":0,"menu_order":0,"comment_status":"closed","ping_status":"closed","template":"","meta":{"footnotes":""},"class_list":["post-270","page","type-page","status-publish","hentry"],"jetpack_sharing_enabled":true,"_links":{"self":[{"href":"https:\/\/www.koenig-elektro.de\/index.php\/wp-json\/wp\/v2\/pages\/270","targetHints":{"allow":["GET"]}}],"collection":[{"href":"https:\/\/www.koenig-elektro.de\/index.php\/wp-json\/wp\/v2\/pages"}],"about":[{"href":"https:\/\/www.koenig-elektro.de\/index.php\/wp-json\/wp\/v2\/types\/page"}],"author":[{"embeddable":true,"href":"https:\/\/www.koenig-elektro.de\/index.php\/wp-json\/wp\/v2\/users\/3"}],"replies":[{"embeddable":true,"href":"https:\/\/www.koenig-elektro.de\/index.php\/wp-json\/wp\/v2\/comments?post=270"}],"version-history":[{"count":37,"href":"https:\/\/www.koenig-elektro.de\/index.php\/wp-json\/wp\/v2\/pages\/270\/revisions"}],"predecessor-version":[{"id":517,"href":"https:\/\/www.koenig-elektro.de\/index.php\/wp-json\/wp\/v2\/pages\/270\/revisions\/517"}],"wp:attachment":[{"href":"https:\/\/www.koenig-elektro.de\/index.php\/wp-json\/wp\/v2\/media?parent=270"}],"curies":[{"name":"wp","href":"https:\/\/api.w.org\/{rel}","templated":true}]}}